{"id":13,"date":"2023-05-29T17:28:24","date_gmt":"2023-05-29T17:28:24","guid":{"rendered":"https:\/\/conau2.de\/?page_id=13"},"modified":"2023-05-29T17:28:24","modified_gmt":"2023-05-29T17:28:24","slug":"conau2-coworking","status":"publish","type":"page","link":"https:\/\/conau2.de\/","title":{"rendered":"Conau2  &#8211;  Coworking"},"content":{"rendered":"\n<p>Hallo,<\/p>\n\n\n\n<p>wir hatten zwar noch keine Zeit f\u00fcr eine vern\u00fcnftige Webseite, aber wir haben immer Zeit f\u00fcr euch \ud83d\ude42 Und noch Platz. Meldet euch per Email oder kommt vorbei!<\/p>\n","protected":false},"excerpt":{"rendered":"<p>Hallo, wir hatten zwar noch keine Zeit f\u00fcr eine vern\u00fcnftige Webseite, aber wir haben immer Zeit f\u00fcr euch \ud83d\ude42 Und noch Platz. Meldet euch per Email oder kommt vorbei!<\/p>\n","protected":false},"author":1,"featured_media":0,"parent":0,"menu_order":0,"comment_status":"closed","ping_status":"closed","template":"","meta":{"footnotes":""},"class_list":["post-13","page","type-page","status-publish","hentry"],"_links":{"self":[{"href":"https:\/\/conau2.de\/index.php?rest_route=\/wp\/v2\/pages\/13","targetHints":{"allow":["GET"]}}],"collection":[{"href":"https:\/\/conau2.de\/index.php?rest_route=\/wp\/v2\/pages"}],"about":[{"href":"https:\/\/conau2.de\/index.php?rest_route=\/wp\/v2\/types\/page"}],"author":[{"embeddable":true,"href":"https:\/\/conau2.de\/index.php?rest_route=\/wp\/v2\/users\/1"}],"replies":[{"embeddable":true,"href":"https:\/\/conau2.de\/index.php?rest_route=%2Fwp%2Fv2%2Fcomments&post=13"}],"version-history":[{"count":1,"href":"https:\/\/conau2.de\/index.php?rest_route=\/wp\/v2\/pages\/13\/revisions"}],"predecessor-version":[{"id":24,"href":"https:\/\/conau2.de\/index.php?rest_route=\/wp\/v2\/pages\/13\/revisions\/24"}],"wp:attachment":[{"href":"https:\/\/conau2.de\/index.php?rest_route=%2Fwp%2Fv2%2Fmedia&parent=13"}],"curies":[{"name":"wp","href":"https:\/\/api.w.org\/{rel}","templated":true}]}}